{"id":27,"date":"2019-09-13T12:00:08","date_gmt":"2019-09-13T10:00:08","guid":{"rendered":"http:\/\/lajasneuquen.com.ar\/wp\/?page_id=27"},"modified":"2024-10-20T12:02:01","modified_gmt":"2024-10-20T10:02:01","slug":"quienes-somos","status":"publish","type":"page","link":"https:\/\/lajasneuquen.ar\/wp\/quienes-somos\/","title":{"rendered":"\u00bfQui\u00e9nes somos?"},"content":{"rendered":"<p><img loading=\"lazy\" decoding=\"async\" class=\"alignnone wp-image-164 size-full\" src=\"http:\/\/lajasneuquen.ar\/wp\/wp-content\/uploads\/2019\/09\/Quienes1.jpg\" alt=\"\" width=\"150\" height=\"113\"><\/p>\n<p><strong>LAJAS NEUQUEN<\/strong> es un emprendimiento familiar que pondera el uso del materiales de recurso natural en forma racional, con t\u00e9cnicas de mano de obra especializada y asesoramiento responsable en la comercializaci\u00f3n de Lajas. Venimos trabajando desde hace m\u00e1s 40 a\u00f1os en la zona con el objetivo de especializaci\u00f3n en el rubro en donde nos destacamos por nuestra calidad de mano de obra y soluci\u00f3n de problemas a nuestros clientes ya que disponemos de las herramientas necesarias para hacerlo.<\/p>\n<p><img loading=\"lazy\" decoding=\"async\" class=\"alignnone size-full wp-image-165\" src=\"http:\/\/lajasneuquen.ar\/wp\/wp-content\/uploads\/2019\/09\/Quienes2.jpg\" alt=\"\" width=\"150\" height=\"113\"><\/p>\n<p>En <strong>LAJAS NEUQUEN <\/strong>contamos con cortadora especial para laja, acondicionamiento en forma artesanal para su salida comercial ; Ofrecemos una alternativa distinta a todas las opciones tradicionales del rubro. La piedra natural es un producto noble, la inalterabilidad de sus colores, su dureza y la gran resistencia al Desgaste, lo hacen un material de excelentes cualidades, que realza un estilo natural. Actualmente ofrecemos una gran variedad de cortes y colores en lajas irregulares y cortadas, extra\u00eddas de canteras en distintas regiones de nuestro pa\u00eds.<\/p>\n<p><img loading=\"lazy\" decoding=\"async\" class=\"alignnone size-full wp-image-166\" src=\"http:\/\/lajasneuquen.ar\/wp\/wp-content\/uploads\/2019\/09\/Quienes3.jpg\" alt=\"\" width=\"150\" height=\"113\"><\/p>\n<p><strong>Nuestro Objetivo:<\/strong> Es vender lajas, y prestar al cliente una atenci\u00f3n responsable , en donde se destaque el asesoramiento especializado y saber que el material que se lleva es el adecuado para su ambiente ,donde solo se preocupe en disfrutar el mismo, ya quenuestro servicio abarca desde la venta del material hasta la colocaci\u00f3n en todo tipo de superficies a cubrir.<\/p>\n","protected":false},"excerpt":{"rendered":"<p>LAJAS NEUQUEN es un emprendimiento familiar que pondera el uso del materiales de recurso natural en forma racional, con t\u00e9cnicas de mano de obra especializada y asesoramiento responsable en la comercializaci\u00f3n de Lajas. Venimos trabajando desde hace m\u00e1s 40 a\u00f1os en la zona con el objetivo de especializaci\u00f3n en el rubro en donde nos destacamos <a class=\"more-link\" href=\"https:\/\/lajasneuquen.ar\/wp\/quienes-somos\/\">Leer m\u00e1s &#8230;<\/a><\/p>\n","protected":false},"author":1,"featured_media":38,"parent":0,"menu_order":0,"comment_status":"closed","ping_status":"closed","template":"","meta":{"ngg_post_thumbnail":0,"footnotes":""},"class_list":["post-27","page","type-page","status-publish","has-post-thumbnail","hentry"],"_links":{"self":[{"href":"https:\/\/lajasneuquen.ar\/wp\/wp-json\/wp\/v2\/pages\/27"}],"collection":[{"href":"https:\/\/lajasneuquen.ar\/wp\/wp-json\/wp\/v2\/pages"}],"about":[{"href":"https:\/\/lajasneuquen.ar\/wp\/wp-json\/wp\/v2\/types\/page"}],"author":[{"embeddable":true,"href":"https:\/\/lajasneuquen.ar\/wp\/wp-json\/wp\/v2\/users\/1"}],"replies":[{"embeddable":true,"href":"https:\/\/lajasneuquen.ar\/wp\/wp-json\/wp\/v2\/comments?post=27"}],"version-history":[{"count":7,"href":"https:\/\/lajasneuquen.ar\/wp\/wp-json\/wp\/v2\/pages\/27\/revisions"}],"predecessor-version":[{"id":279,"href":"https:\/\/lajasneuquen.ar\/wp\/wp-json\/wp\/v2\/pages\/27\/revisions\/279"}],"wp:featuredmedia":[{"embeddable":true,"href":"https:\/\/lajasneuquen.ar\/wp\/wp-json\/wp\/v2\/media\/38"}],"wp:attachment":[{"href":"https:\/\/lajasneuquen.ar\/wp\/wp-json\/wp\/v2\/media?parent=27"}],"curies":[{"name":"wp","href":"https:\/\/api.w.org\/{rel}","templated":true}]}}